{"id":773,"date":"2018-08-01T18:17:49","date_gmt":"2018-08-01T16:17:49","guid":{"rendered":"http:\/\/choeurenbalade.eu\/?page_id=773"},"modified":"2018-10-04T20:20:46","modified_gmt":"2018-10-04T18:20:46","slug":"22-mai-2016-nancy","status":"publish","type":"page","link":"https:\/\/choeurenbalade.eu\/index.php\/concerts\/archives\/2016-2\/22-mai-2016-nancy\/","title":{"rendered":"22 mai 2016 Nancy"},"content":{"rendered":"\t\t\t<!-- Flexy Breadcrumb -->\r\n\t\t\t<div class=\"fbc fbc-page\">\r\n\r\n\t\t\t\t<!-- Breadcrumb wrapper -->\r\n\t\t\t\t<div class=\"fbc-wrap\">\r\n\r\n\t\t\t\t\t<!-- Ordered list-->\r\n\t\t\t\t\t<ol class=\"fbc-items\" itemscope itemtype=\"https:\/\/schema.org\/BreadcrumbList\">\r\n\t\t\t\t\t\t            <li itemprop=\"itemListElement\" itemscope itemtype=\"https:\/\/schema.org\/ListItem\">\r\n                <span itemprop=\"name\">\r\n                    <!-- Home Link -->\r\n                    <a itemprop=\"item\" href=\"https:\/\/choeurenbalade.eu\">\r\n                    \r\n                                                    <i class=\"fa fa-home\" aria-hidden=\"true\"><\/i>Vous \u00eates ici                    <\/a>\r\n                <\/span>\r\n                <meta itemprop=\"position\" content=\"1\" \/><!-- Meta Position-->\r\n             <\/li><li><span class=\"fbc-separator\">\u00bb<\/span><\/li><li class=\"active\" itemprop=\"itemListElement\" itemscope itemtype=\"https:\/\/schema.org\/ListItem\"><span itemprop=\"name\" title=\"22 mai 2016 Nancy\">22 mai 2016 Nancy<\/span><meta itemprop=\"position\" content=\"2\" \/><\/li>\t\t\t\t\t<\/ol>\r\n\t\t\t\t\t<div class=\"clearfix\"><\/div>\r\n\t\t\t\t<\/div>\r\n\t\t\t<\/div>\r\n\t\t\t\n<p><strong><span style=\"font-size: 18pt;\">Dans les grands salons de l&rsquo;H\u00f4tel de ville de Nancy, avec M\u00e9li-M\u00e9lodie.<\/span><\/strong><\/p>\n<p><strong><a href=\"https:\/\/choeurenbalade.eu\/wp-content\/uploads\/2018\/08\/Affiche-22-Mai-2016.jpg\" target=\"_blank\" rel=\"noopener\"><img loading=\"lazy\" decoding=\"async\" class=\"alignnone wp-image-774\" src=\"https:\/\/choeurenbalade.eu\/wp-content\/uploads\/2018\/08\/Affiche-22-Mai-2016-223x300.jpg\" alt=\"\" width=\"223\" height=\"300\" srcset=\"https:\/\/choeurenbalade.eu\/wp-content\/uploads\/2018\/08\/Affiche-22-Mai-2016-223x300.jpg 223w, https:\/\/choeurenbalade.eu\/wp-content\/uploads\/2018\/08\/Affiche-22-Mai-2016-768x1032.jpg 768w, https:\/\/choeurenbalade.eu\/wp-content\/uploads\/2018\/08\/Affiche-22-Mai-2016-762x1024.jpg 762w, https:\/\/choeurenbalade.eu\/wp-content\/uploads\/2018\/08\/Affiche-22-Mai-2016.jpg 1227w\" sizes=\"auto, (max-width: 223px) 100vw, 223px\" \/><\/a><a href=\"https:\/\/choeurenbalade.eu\/wp-content\/uploads\/2018\/08\/2016-5-22-Nancy.jpg\" target=\"_blank\" rel=\"noopener\"><img loading=\"lazy\" decoding=\"async\" class=\"alignnone wp-image-775\" src=\"https:\/\/choeurenbalade.eu\/wp-content\/uploads\/2018\/08\/2016-5-22-Nancy-215x300.jpg\" alt=\"\" width=\"215\" height=\"300\" srcset=\"https:\/\/choeurenbalade.eu\/wp-content\/uploads\/2018\/08\/2016-5-22-Nancy-215x300.jpg 215w, https:\/\/choeurenbalade.eu\/wp-content\/uploads\/2018\/08\/2016-5-22-Nancy.jpg 423w\" sizes=\"auto, (max-width: 215px) 100vw, 215px\" \/><\/a><\/strong><strong><br \/>\n<\/strong><\/p>\n","protected":false},"excerpt":{"rendered":"<p>Dans les grands salons de l&rsquo;H\u00f4tel de ville de Nancy, avec M\u00e9li-M\u00e9lodie.<\/p>\n","protected":false},"author":1,"featured_media":0,"parent":1320,"menu_order":0,"comment_status":"closed","ping_status":"closed","template":"","meta":{"footnotes":""},"simple-restrict-permission":[],"class_list":["post-773","page","type-page","status-publish","hentry"],"_links":{"self":[{"href":"https:\/\/choeurenbalade.eu\/index.php\/wp-json\/wp\/v2\/pages\/773","targetHints":{"allow":["GET"]}}],"collection":[{"href":"https:\/\/choeurenbalade.eu\/index.php\/wp-json\/wp\/v2\/pages"}],"about":[{"href":"https:\/\/choeurenbalade.eu\/index.php\/wp-json\/wp\/v2\/types\/page"}],"author":[{"embeddable":true,"href":"https:\/\/choeurenbalade.eu\/index.php\/wp-json\/wp\/v2\/users\/1"}],"replies":[{"embeddable":true,"href":"https:\/\/choeurenbalade.eu\/index.php\/wp-json\/wp\/v2\/comments?post=773"}],"version-history":[{"count":6,"href":"https:\/\/choeurenbalade.eu\/index.php\/wp-json\/wp\/v2\/pages\/773\/revisions"}],"predecessor-version":[{"id":2087,"href":"https:\/\/choeurenbalade.eu\/index.php\/wp-json\/wp\/v2\/pages\/773\/revisions\/2087"}],"up":[{"embeddable":true,"href":"https:\/\/choeurenbalade.eu\/index.php\/wp-json\/wp\/v2\/pages\/1320"}],"wp:attachment":[{"href":"https:\/\/choeurenbalade.eu\/index.php\/wp-json\/wp\/v2\/media?parent=773"}],"wp:term":[{"taxonomy":"simple-restrict-permission","embeddable":true,"href":"https:\/\/choeurenbalade.eu\/index.php\/wp-json\/wp\/v2\/simple-restrict-permission?post=773"}],"curies":[{"name":"wp","href":"https:\/\/api.w.org\/{rel}","templated":true}]}}