{"id":3860,"date":"2019-04-28T09:28:18","date_gmt":"2019-04-28T07:28:18","guid":{"rendered":"http:\/\/choeurenbalade.eu\/?page_id=3860"},"modified":"2019-04-28T09:31:08","modified_gmt":"2019-04-28T07:31:08","slug":"2018-2","status":"publish","type":"page","link":"https:\/\/choeurenbalade.eu\/index.php\/concerts\/archives\/2018-2\/","title":{"rendered":"2018"},"content":{"rendered":"\t\t\t<!-- Flexy Breadcrumb -->\r\n\t\t\t<div class=\"fbc fbc-page\">\r\n\r\n\t\t\t\t<!-- Breadcrumb wrapper -->\r\n\t\t\t\t<div class=\"fbc-wrap\">\r\n\r\n\t\t\t\t\t<!-- Ordered list-->\r\n\t\t\t\t\t<ol class=\"fbc-items\" itemscope itemtype=\"https:\/\/schema.org\/BreadcrumbList\">\r\n\t\t\t\t\t\t            <li itemprop=\"itemListElement\" itemscope itemtype=\"https:\/\/schema.org\/ListItem\">\r\n                <span itemprop=\"name\">\r\n                    <!-- Home Link -->\r\n                    <a itemprop=\"item\" href=\"https:\/\/choeurenbalade.eu\">\r\n                    \r\n                                                    <i class=\"fa fa-home\" aria-hidden=\"true\"><\/i>Vous \u00eates ici                    <\/a>\r\n                <\/span>\r\n                <meta itemprop=\"position\" content=\"1\" \/><!-- Meta Position-->\r\n             <\/li><li><span class=\"fbc-separator\">\u00bb<\/span><\/li><li class=\"active\" itemprop=\"itemListElement\" itemscope itemtype=\"https:\/\/schema.org\/ListItem\"><span itemprop=\"name\" title=\"2018\">2018<\/span><meta itemprop=\"position\" content=\"2\" \/><\/li>\t\t\t\t\t<\/ol>\r\n\t\t\t\t\t<div class=\"clearfix\"><\/div>\r\n\t\t\t\t<\/div>\r\n\t\t\t<\/div>\r\n\t\t\t\n<p><span style=\"font-family: arial, helvetica, sans-serif; font-size: 18pt;\"><a href=\"https:\/\/choeurenbalade.eu\/index.php\/concerts\/concerts-passes-de-lannee-en-cours\/17-fevrier-2018-villers-les-nancy\/\">17 f\u00e9vrier 2018 Villers-l\u00e8s-Nancy<\/a><\/span><\/p>\n<p><span style=\"font-family: arial, helvetica, sans-serif; font-size: 18pt;\"><a href=\"https:\/\/choeurenbalade.eu\/index.php\/concerts\/concerts-passes-de-lannee-en-cours\/25-mars-2018-villers-les-nancy\/\">25 mars 2018 Villers-l\u00e8s-Nancy<\/a><\/span><\/p>\n<p><span style=\"font-family: arial, helvetica, sans-serif; font-size: 18pt;\"><a href=\"https:\/\/choeurenbalade.eu\/index.php\/concerts\/concerts-passes-de-lannee-en-cours\/27-mai-2018-nancy\/\">27 mai 2018 Nancy<\/a><\/span><\/p>\n<p><a href=\"https:\/\/choeurenbalade.eu\/index.php\/concerts\/concerts-passes-de-lannee-en-cours\/14-octobre-2018-villers-les-nancy\/\"><span style=\"font-family: arial, helvetica, sans-serif; font-size: 18pt;\">14 octobre 2018 Villers-l\u00e8s-Nancy<\/span><\/a><\/p>\n","protected":false},"excerpt":{"rendered":"<p>17 f\u00e9vrier 2018 Villers-l\u00e8s-Nancy 25 mars 2018 Villers-l\u00e8s-Nancy 27 mai 2018 Nancy 14 octobre 2018 Villers-l\u00e8s-Nancy<\/p>\n","protected":false},"author":1,"featured_media":0,"parent":241,"menu_order":0,"comment_status":"closed","ping_status":"closed","template":"","meta":{"footnotes":""},"simple-restrict-permission":[],"class_list":["post-3860","page","type-page","status-publish","hentry"],"_links":{"self":[{"href":"https:\/\/choeurenbalade.eu\/index.php\/wp-json\/wp\/v2\/pages\/3860","targetHints":{"allow":["GET"]}}],"collection":[{"href":"https:\/\/choeurenbalade.eu\/index.php\/wp-json\/wp\/v2\/pages"}],"about":[{"href":"https:\/\/choeurenbalade.eu\/index.php\/wp-json\/wp\/v2\/types\/page"}],"author":[{"embeddable":true,"href":"https:\/\/choeurenbalade.eu\/index.php\/wp-json\/wp\/v2\/users\/1"}],"replies":[{"embeddable":true,"href":"https:\/\/choeurenbalade.eu\/index.php\/wp-json\/wp\/v2\/comments?post=3860"}],"version-history":[{"count":2,"href":"https:\/\/choeurenbalade.eu\/index.php\/wp-json\/wp\/v2\/pages\/3860\/revisions"}],"predecessor-version":[{"id":3865,"href":"https:\/\/choeurenbalade.eu\/index.php\/wp-json\/wp\/v2\/pages\/3860\/revisions\/3865"}],"up":[{"embeddable":true,"href":"https:\/\/choeurenbalade.eu\/index.php\/wp-json\/wp\/v2\/pages\/241"}],"wp:attachment":[{"href":"https:\/\/choeurenbalade.eu\/index.php\/wp-json\/wp\/v2\/media?parent=3860"}],"wp:term":[{"taxonomy":"simple-restrict-permission","embeddable":true,"href":"https:\/\/choeurenbalade.eu\/index.php\/wp-json\/wp\/v2\/simple-restrict-permission?post=3860"}],"curies":[{"name":"wp","href":"https:\/\/api.w.org\/{rel}","templated":true}]}}