{"id":1618,"date":"2018-08-08T09:22:51","date_gmt":"2018-08-08T07:22:51","guid":{"rendered":"http:\/\/choeurenbalade.eu\/?page_id=1618"},"modified":"2018-08-08T13:52:37","modified_gmt":"2018-08-08T11:52:37","slug":"avant-2000","status":"publish","type":"page","link":"https:\/\/choeurenbalade.eu\/index.php\/concerts\/archives\/avant-2010\/avant-2000\/","title":{"rendered":"Avant 2000"},"content":{"rendered":"\t\t\t<!-- Flexy Breadcrumb -->\r\n\t\t\t<div class=\"fbc fbc-page\">\r\n\r\n\t\t\t\t<!-- Breadcrumb wrapper -->\r\n\t\t\t\t<div class=\"fbc-wrap\">\r\n\r\n\t\t\t\t\t<!-- Ordered list-->\r\n\t\t\t\t\t<ol class=\"fbc-items\" itemscope itemtype=\"https:\/\/schema.org\/BreadcrumbList\">\r\n\t\t\t\t\t\t            <li itemprop=\"itemListElement\" itemscope itemtype=\"https:\/\/schema.org\/ListItem\">\r\n                <span itemprop=\"name\">\r\n                    <!-- Home Link -->\r\n                    <a itemprop=\"item\" href=\"https:\/\/choeurenbalade.eu\">\r\n                    \r\n                                                    <i class=\"fa fa-home\" aria-hidden=\"true\"><\/i>Vous \u00eates ici                    <\/a>\r\n                <\/span>\r\n                <meta itemprop=\"position\" content=\"1\" \/><!-- Meta Position-->\r\n             <\/li><li><span class=\"fbc-separator\">\u00bb<\/span><\/li><li class=\"active\" itemprop=\"itemListElement\" itemscope itemtype=\"https:\/\/schema.org\/ListItem\"><span itemprop=\"name\" title=\"Avant 2000\">Avant 2000<\/span><meta itemprop=\"position\" content=\"2\" \/><\/li>\t\t\t\t\t<\/ol>\r\n\t\t\t\t\t<div class=\"clearfix\"><\/div>\r\n\t\t\t\t<\/div>\r\n\t\t\t<\/div>\r\n\t\t\t\n<p><a href=\"https:\/\/choeurenbalade.eu\/index.php\/concerts\/archives\/avant-2010\/avant-2000\/juillet-1991-villers-les-nancy\/\"><strong><span style=\"font-size: 18pt;\">Juillet 1991 Villers-l\u00e8s-Nancy<\/span><\/strong><\/a><\/p>\n<p><a href=\"https:\/\/choeurenbalade.eu\/index.php\/concerts\/archives\/avant-2010\/avant-2000\/juin-1992-villers-les-nancy\/\"><strong><span style=\"font-size: 18pt;\">Juin 1992 Villers-l\u00e8s-Nancy<\/span><\/strong><\/a><\/p>\n<p><a href=\"https:\/\/choeurenbalade.eu\/index.php\/concerts\/archives\/avant-2010\/avant-2000\/23-juin-1995-pont-a-mousson\/\"><strong><span style=\"font-size: 18pt;\">23 juin 1995 Pont-\u00e0-Mousson<\/span><\/strong><\/a><\/p>\n<p><a href=\"https:\/\/choeurenbalade.eu\/index.php\/1999-2\/\"><span style=\"font-size: 24pt;\"><strong>1999<\/strong><\/span><\/a><\/p>\n","protected":false},"excerpt":{"rendered":"<p>Juillet 1991 Villers-l\u00e8s-Nancy Juin 1992 Villers-l\u00e8s-Nancy 23 juin 1995 Pont-\u00e0-Mousson 1999<\/p>\n","protected":false},"author":1,"featured_media":0,"parent":1392,"menu_order":0,"comment_status":"closed","ping_status":"closed","template":"","meta":{"footnotes":""},"simple-restrict-permission":[],"class_list":["post-1618","page","type-page","status-publish","hentry"],"_links":{"self":[{"href":"https:\/\/choeurenbalade.eu\/index.php\/wp-json\/wp\/v2\/pages\/1618","targetHints":{"allow":["GET"]}}],"collection":[{"href":"https:\/\/choeurenbalade.eu\/index.php\/wp-json\/wp\/v2\/pages"}],"about":[{"href":"https:\/\/choeurenbalade.eu\/index.php\/wp-json\/wp\/v2\/types\/page"}],"author":[{"embeddable":true,"href":"https:\/\/choeurenbalade.eu\/index.php\/wp-json\/wp\/v2\/users\/1"}],"replies":[{"embeddable":true,"href":"https:\/\/choeurenbalade.eu\/index.php\/wp-json\/wp\/v2\/comments?post=1618"}],"version-history":[{"count":5,"href":"https:\/\/choeurenbalade.eu\/index.php\/wp-json\/wp\/v2\/pages\/1618\/revisions"}],"predecessor-version":[{"id":1669,"href":"https:\/\/choeurenbalade.eu\/index.php\/wp-json\/wp\/v2\/pages\/1618\/revisions\/1669"}],"up":[{"embeddable":true,"href":"https:\/\/choeurenbalade.eu\/index.php\/wp-json\/wp\/v2\/pages\/1392"}],"wp:attachment":[{"href":"https:\/\/choeurenbalade.eu\/index.php\/wp-json\/wp\/v2\/media?parent=1618"}],"wp:term":[{"taxonomy":"simple-restrict-permission","embeddable":true,"href":"https:\/\/choeurenbalade.eu\/index.php\/wp-json\/wp\/v2\/simple-restrict-permission?post=1618"}],"curies":[{"name":"wp","href":"https:\/\/api.w.org\/{rel}","templated":true}]}}