{"id":1563,"date":"2018-08-07T15:48:44","date_gmt":"2018-08-07T13:48:44","guid":{"rendered":"http:\/\/choeurenbalade.eu\/?page_id=1563"},"modified":"2018-08-07T16:42:03","modified_gmt":"2018-08-07T14:42:03","slug":"2001-2","status":"publish","type":"page","link":"https:\/\/choeurenbalade.eu\/index.php\/concerts\/archives\/avant-2010\/2001-2\/","title":{"rendered":"2001"},"content":{"rendered":"\t\t\t<!-- Flexy Breadcrumb -->\r\n\t\t\t<div class=\"fbc fbc-page\">\r\n\r\n\t\t\t\t<!-- Breadcrumb wrapper -->\r\n\t\t\t\t<div class=\"fbc-wrap\">\r\n\r\n\t\t\t\t\t<!-- Ordered list-->\r\n\t\t\t\t\t<ol class=\"fbc-items\" itemscope itemtype=\"https:\/\/schema.org\/BreadcrumbList\">\r\n\t\t\t\t\t\t            <li itemprop=\"itemListElement\" itemscope itemtype=\"https:\/\/schema.org\/ListItem\">\r\n                <span itemprop=\"name\">\r\n                    <!-- Home Link -->\r\n                    <a itemprop=\"item\" href=\"https:\/\/choeurenbalade.eu\">\r\n                    \r\n                                                    <i class=\"fa fa-home\" aria-hidden=\"true\"><\/i>Vous \u00eates ici                    <\/a>\r\n                <\/span>\r\n                <meta itemprop=\"position\" content=\"1\" \/><!-- Meta Position-->\r\n             <\/li><li><span class=\"fbc-separator\">\u00bb<\/span><\/li><li class=\"active\" itemprop=\"itemListElement\" itemscope itemtype=\"https:\/\/schema.org\/ListItem\"><span itemprop=\"name\" title=\"2001\">2001<\/span><meta itemprop=\"position\" content=\"2\" \/><\/li>\t\t\t\t\t<\/ol>\r\n\t\t\t\t\t<div class=\"clearfix\"><\/div>\r\n\t\t\t\t<\/div>\r\n\t\t\t<\/div>\r\n\t\t\t\n<p><a href=\"https:\/\/choeurenbalade.eu\/index.php\/concerts\/archives\/avant-2010\/2001-2\/23-avril-2001-houdemont\/\"><span style=\"font-size: 18pt;\"><strong>23 avril 2001 Houdemont<\/strong><\/span><\/a><\/p>\n<p><a href=\"https:\/\/choeurenbalade.eu\/index.php\/concerts\/archives\/avant-2010\/2001-2\/17-juin-2001-villers-les-nancy\/\"><span style=\"font-size: 18pt;\"><strong>17 juin 2001 Villers-l\u00e8s-Nancy<\/strong><\/span><\/a><\/p>\n<p><a href=\"https:\/\/choeurenbalade.eu\/index.php\/concerts\/archives\/avant-2010\/2001-2\/21-juin-2001-villers-les-nancy\/\"><span style=\"font-size: 18pt;\"><strong>21 juin 2001 Villers-l\u00e8s-Nancy<\/strong><\/span><\/a><\/p>\n<p><a href=\"https:\/\/choeurenbalade.eu\/index.php\/concerts\/archives\/avant-2010\/2001-2\/15-decembre-2001-laxou\/\"><span style=\"font-size: 18pt;\"><strong>15 d\u00e9cembre 2001 Laxou<\/strong><\/span><\/a><\/p>\n","protected":false},"excerpt":{"rendered":"<p>23 avril 2001 Houdemont 17 juin 2001 Villers-l\u00e8s-Nancy 21 juin 2001 Villers-l\u00e8s-Nancy 15 d\u00e9cembre 2001 Laxou<\/p>\n","protected":false},"author":1,"featured_media":0,"parent":1392,"menu_order":0,"comment_status":"closed","ping_status":"closed","template":"","meta":{"footnotes":""},"simple-restrict-permission":[],"class_list":["post-1563","page","type-page","status-publish","hentry"],"_links":{"self":[{"href":"https:\/\/choeurenbalade.eu\/index.php\/wp-json\/wp\/v2\/pages\/1563","targetHints":{"allow":["GET"]}}],"collection":[{"href":"https:\/\/choeurenbalade.eu\/index.php\/wp-json\/wp\/v2\/pages"}],"about":[{"href":"https:\/\/choeurenbalade.eu\/index.php\/wp-json\/wp\/v2\/types\/page"}],"author":[{"embeddable":true,"href":"https:\/\/choeurenbalade.eu\/index.php\/wp-json\/wp\/v2\/users\/1"}],"replies":[{"embeddable":true,"href":"https:\/\/choeurenbalade.eu\/index.php\/wp-json\/wp\/v2\/comments?post=1563"}],"version-history":[{"count":4,"href":"https:\/\/choeurenbalade.eu\/index.php\/wp-json\/wp\/v2\/pages\/1563\/revisions"}],"predecessor-version":[{"id":1586,"href":"https:\/\/choeurenbalade.eu\/index.php\/wp-json\/wp\/v2\/pages\/1563\/revisions\/1586"}],"up":[{"embeddable":true,"href":"https:\/\/choeurenbalade.eu\/index.php\/wp-json\/wp\/v2\/pages\/1392"}],"wp:attachment":[{"href":"https:\/\/choeurenbalade.eu\/index.php\/wp-json\/wp\/v2\/media?parent=1563"}],"wp:term":[{"taxonomy":"simple-restrict-permission","embeddable":true,"href":"https:\/\/choeurenbalade.eu\/index.php\/wp-json\/wp\/v2\/simple-restrict-permission?post=1563"}],"curies":[{"name":"wp","href":"https:\/\/api.w.org\/{rel}","templated":true}]}}