{"id":154,"date":"2018-07-23T13:07:45","date_gmt":"2018-07-23T11:07:45","guid":{"rendered":"http:\/\/choeurenbalade.eu\/?page_id=154"},"modified":"2020-02-26T19:30:03","modified_gmt":"2020-02-26T18:30:03","slug":"page-daccueil","status":"publish","type":"page","link":"https:\/\/choeurenbalade.eu\/","title":{"rendered":"Accueil"},"content":{"rendered":"<h4><span style=\"font-family: arial, helvetica, sans-serif; font-size: 14pt;\"><div id=\"metaslider-id-1917\" style=\"max-width: 400px; margin: 0 auto;\" class=\"ml-slider-3-108-0 metaslider metaslider-flex metaslider-1917 ml-slider ms-theme-default nav-hidden\" role=\"region\" aria-label=\"Diaporama accueil\" data-height=\"248\" data-width=\"400\">\n    <div id=\"metaslider_container_1917\">\n        <div id=\"metaslider_1917\">\n            <ul class='slides'>\n                <li style=\"display: block; width: 100%;\" class=\"slide-1918 ms-image \" aria-roledescription=\"slide\" data-date=\"2018-10-01 18:01:33\" data-filename=\"2016-01-18-29-recacadr\u00e9e-400x248.jpg\" data-slide-type=\"image\"><img loading=\"lazy\" decoding=\"async\" src=\"https:\/\/choeurenbalade.eu\/wp-content\/uploads\/2018\/07\/2016-01-18-29-recacadr\u00e9e-400x248.jpg\" height=\"248\" width=\"400\" alt=\"\" class=\"slider-1917 slide-1918 msDefaultImage\" title=\"2016 01 18 (29) recadr\u00e9e\" \/><\/li>\n                <li style=\"display: none; width: 100%;\" class=\"slide-1919 ms-image \" aria-roledescription=\"slide\" data-date=\"2018-10-01 18:01:33\" data-filename=\"18491613_1370392659682736_4323757128339171167_o-e1532949407720-400x248.jpg\" data-slide-type=\"image\"><img loading=\"lazy\" decoding=\"async\" src=\"https:\/\/choeurenbalade.eu\/wp-content\/uploads\/2018\/07\/18491613_1370392659682736_4323757128339171167_o-e1532949407720-400x248.jpg\" height=\"248\" width=\"400\" alt=\"\" class=\"slider-1917 slide-1919 msDefaultImage\" title=\"18491613_1370392659682736_4323757128339171167_o\" \/><\/li>\n                <li style=\"display: none; width: 100%;\" class=\"slide-1934 ms-image \" aria-roledescription=\"slide\" data-date=\"2018-10-02 11:45:37\" data-filename=\"DSCN1507-recadr\u00e9-pour-diaporama-400x248.jpg\" data-slide-type=\"image\"><img loading=\"lazy\" decoding=\"async\" src=\"https:\/\/choeurenbalade.eu\/wp-content\/uploads\/2018\/10\/DSCN1507-recadr\u00e9-pour-diaporama-400x248.jpg\" height=\"248\" width=\"400\" alt=\"\" class=\"slider-1917 slide-1934 msDefaultImage\" title=\"DSCN1507 recadr\u00e9 pour diaporama\" \/><\/li>\n                <li style=\"display: none; width: 100%;\" class=\"slide-1938 ms-image \" aria-roledescription=\"slide\" data-date=\"2018-10-02 11:55:42\" data-filename=\"8_5_2015-Houdemont-recadr\u00e9-pour-diaporama-400x248.jpg\" data-slide-type=\"image\"><img loading=\"lazy\" decoding=\"async\" src=\"https:\/\/choeurenbalade.eu\/wp-content\/uploads\/2018\/10\/8_5_2015-Houdemont-recadr\u00e9-pour-diaporama-400x248.jpg\" height=\"248\" width=\"400\" alt=\"\" class=\"slider-1917 slide-1938 msDefaultImage\" title=\"8_5_2015 Houdemont recadr\u00e9 pour diaporama\" \/><\/li>\n                <li style=\"display: none; width: 100%;\" class=\"slide-1941 ms-image \" aria-roledescription=\"slide\" data-date=\"2018-10-02 12:08:17\" data-filename=\"IMGP4853-400x248.jpg\" data-slide-type=\"image\"><img loading=\"lazy\" decoding=\"async\" src=\"https:\/\/choeurenbalade.eu\/wp-content\/uploads\/2018\/08\/IMGP4853-400x248.jpg\" height=\"248\" width=\"400\" alt=\"\" class=\"slider-1917 slide-1941 msDefaultImage\" title=\"IMGP4853\" \/><\/li>\n                <li style=\"display: none; width: 100%;\" class=\"slide-1940 ms-image \" aria-roledescription=\"slide\" data-date=\"2018-10-02 12:06:45\" data-filename=\"IMG_0735-recadr\u00e9pour-diaporama-400x248.jpg\" data-slide-type=\"image\"><img loading=\"lazy\" decoding=\"async\" src=\"https:\/\/choeurenbalade.eu\/wp-content\/uploads\/2018\/10\/IMG_0735-recadr\u00e9pour-diaporama-400x248.jpg\" height=\"248\" width=\"400\" alt=\"\" class=\"slider-1917 slide-1940 msDefaultImage\" title=\"IMG_0735 recadr\u00e9pour diaporama\" \/><\/li>\n                <li style=\"display: none; width: 100%;\" class=\"slide-1936 ms-image \" aria-roledescription=\"slide\" data-date=\"2018-10-02 11:51:16\" data-filename=\"008-le-corbeau-et-le-renard-recadr\u00e9-pour-diaporama-400x248.jpg\" data-slide-type=\"image\"><img loading=\"lazy\" decoding=\"async\" src=\"https:\/\/choeurenbalade.eu\/wp-content\/uploads\/2018\/10\/008-le-corbeau-et-le-renard-recadr\u00e9-pour-diaporama-400x248.jpg\" height=\"248\" width=\"400\" alt=\"\" class=\"slider-1917 slide-1936 msDefaultImage\" title=\"008-le-corbeau-et-le-renard recadr\u00e9 pour diaporama\" \/><\/li>\n                <li style=\"display: none; width: 100%;\" class=\"slide-1932 ms-image \" aria-roledescription=\"slide\" data-date=\"2018-10-02 11:36:04\" data-filename=\"hubic.com29-recadr\u00e9-pour-diaporama-400x248.jpg\" data-slide-type=\"image\"><img loading=\"lazy\" decoding=\"async\" src=\"https:\/\/choeurenbalade.eu\/wp-content\/uploads\/2018\/10\/hubic.com29-recadr\u00e9-pour-diaporama-400x248.jpg\" height=\"248\" width=\"400\" alt=\"\" class=\"slider-1917 slide-1932 msDefaultImage\" title=\"hubic.com29 recadr\u00e9 pour diaporama\" \/><\/li>\n                <li style=\"display: none; width: 100%;\" class=\"slide-1920 ms-image \" aria-roledescription=\"slide\" data-date=\"2018-10-01 18:01:33\" data-filename=\"DSC_0029-1024x685-400x248.jpg\" data-slide-type=\"image\"><img loading=\"lazy\" decoding=\"async\" src=\"https:\/\/choeurenbalade.eu\/wp-content\/uploads\/2018\/07\/DSC_0029-1024x685-400x248.jpg\" height=\"248\" width=\"400\" alt=\"\" class=\"slider-1917 slide-1920 msDefaultImage\" title=\"DSC_0029 (1024x685)\" \/><\/li>\n                <li style=\"display: none; width: 100%;\" class=\"slide-2508 ms-image \" aria-roledescription=\"slide\" data-date=\"2018-10-26 18:31:23\" data-filename=\"DSC_0384-1024x685-recadr\u00e9-400x248.jpg\" data-slide-type=\"image\"><img loading=\"lazy\" decoding=\"async\" src=\"https:\/\/choeurenbalade.eu\/wp-content\/uploads\/2018\/10\/DSC_0384-1024x685-recadr\u00e9-400x248.jpg\" height=\"248\" width=\"400\" alt=\"\" class=\"slider-1917 slide-2508 msDefaultImage\" title=\"DSC_0384 (1024x685) recadr\u00e9\" \/><\/li>\n            <\/ul>\n        <\/div>\n        \n    <\/div>\n<\/div><\/span><\/h4>\n<p>&nbsp;<\/p>\n<p style=\"text-align: center;\"><span style=\"color: #000000; font-family: arial, helvetica, sans-serif; font-size: 14pt;\">Ch\u0153ur en Balade est une chorale d&rsquo;amateurs<\/span><\/p>\n<p style=\"text-align: center;\"><span style=\"color: #000000; font-family: arial, helvetica, sans-serif; font-size: 14pt;\">Nous utilisons des partitions mais plusieurs chantent sans conna\u00eetre le solf\u00e8ge<\/span><\/p>\n<p style=\"text-align: center;\"><span style=\"color: #000000; font-family: arial, helvetica, sans-serif; font-size: 14pt;\">Les derniers arriv\u00e9s ont <span style=\"background-color: #ffffff;\">trouv\u00e9<\/span> notre groupe ouvert et tr\u00e8s sympathique<\/span><\/p>\n<p style=\"text-align: center;\"><span style=\"color: #000000; font-family: arial, helvetica, sans-serif; font-size: 14pt;\">Jugez-en par vous-m\u00eame en assistant sans engagement \u00e0 une de nos <a href=\"https:\/\/choeurenbalade.eu\/index.php\/ou-et-quand-repetons-nous\/\">r\u00e9p\u00e9titions<\/a><\/span><\/p>\n<p style=\"text-align: center;\"><span style=\"font-family: arial, helvetica, sans-serif; font-size: 14pt;\"><a href=\"https:\/\/choeurenbalade.eu\/index.php\/presentation\/repertoire-de-lannee\/\">Voir notre r\u00e9pertoire<\/a>\u00a0\u00a0\u00a0\u00a0\u00a0\u00a0\u00a0\u00a0\u00a0 <\/span><a href=\"https:\/\/choeurenbalade.eu\/index.php\/presentation\/nous-ecouter\/\"><span style=\"font-family: arial, helvetica, sans-serif; font-size: 14pt;\">Ecouter d&rsquo;autres chants<\/span><\/a><\/p>\n<audio class=\"wp-audio-shortcode\" id=\"audio-154-1\" autoplay preload=\"none\" style=\"width: 100%;\" controls=\"controls\"><source type=\"audio\/mpeg\" src=\"https:\/\/choeurenbalade.eu\/wp-content\/uploads\/2019\/04\/Les-boh\u00e9miens.mp3?_=1\" \/><a href=\"https:\/\/choeurenbalade.eu\/wp-content\/uploads\/2019\/04\/Les-boh\u00e9miens.mp3\">https:\/\/choeurenbalade.eu\/wp-content\/uploads\/2019\/04\/Les-boh\u00e9miens.mp3<\/a><\/audio>\n","protected":false},"excerpt":{"rendered":"<p>&nbsp; Ch\u0153ur en Balade est une chorale d&rsquo;amateurs Nous utilisons des partitions mais plusieurs chantent sans conna\u00eetre le solf\u00e8ge Les&hellip;<\/p>\n","protected":false},"author":1,"featured_media":0,"parent":0,"menu_order":0,"comment_status":"closed","ping_status":"closed","template":"","meta":{"footnotes":""},"simple-restrict-permission":[],"class_list":["post-154","page","type-page","status-publish","hentry"],"_links":{"self":[{"href":"https:\/\/choeurenbalade.eu\/index.php\/wp-json\/wp\/v2\/pages\/154","targetHints":{"allow":["GET"]}}],"collection":[{"href":"https:\/\/choeurenbalade.eu\/index.php\/wp-json\/wp\/v2\/pages"}],"about":[{"href":"https:\/\/choeurenbalade.eu\/index.php\/wp-json\/wp\/v2\/types\/page"}],"author":[{"embeddable":true,"href":"https:\/\/choeurenbalade.eu\/index.php\/wp-json\/wp\/v2\/users\/1"}],"replies":[{"embeddable":true,"href":"https:\/\/choeurenbalade.eu\/index.php\/wp-json\/wp\/v2\/comments?post=154"}],"version-history":[{"count":146,"href":"https:\/\/choeurenbalade.eu\/index.php\/wp-json\/wp\/v2\/pages\/154\/revisions"}],"predecessor-version":[{"id":4463,"href":"https:\/\/choeurenbalade.eu\/index.php\/wp-json\/wp\/v2\/pages\/154\/revisions\/4463"}],"wp:attachment":[{"href":"https:\/\/choeurenbalade.eu\/index.php\/wp-json\/wp\/v2\/media?parent=154"}],"wp:term":[{"taxonomy":"simple-restrict-permission","embeddable":true,"href":"https:\/\/choeurenbalade.eu\/index.php\/wp-json\/wp\/v2\/simple-restrict-permission?post=154"}],"curies":[{"name":"wp","href":"https:\/\/api.w.org\/{rel}","templated":true}]}}