{"id":1456,"date":"2018-08-06T15:30:09","date_gmt":"2018-08-06T13:30:09","guid":{"rendered":"http:\/\/choeurenbalade.eu\/?page_id=1456"},"modified":"2018-08-06T18:30:29","modified_gmt":"2018-08-06T16:30:29","slug":"2004-3","status":"publish","type":"page","link":"https:\/\/choeurenbalade.eu\/index.php\/concerts\/archives\/avant-2010\/2004-3\/","title":{"rendered":"2004"},"content":{"rendered":"\t\t\t<!-- Flexy Breadcrumb -->\r\n\t\t\t<div class=\"fbc fbc-page\">\r\n\r\n\t\t\t\t<!-- Breadcrumb wrapper -->\r\n\t\t\t\t<div class=\"fbc-wrap\">\r\n\r\n\t\t\t\t\t<!-- Ordered list-->\r\n\t\t\t\t\t<ol class=\"fbc-items\" itemscope itemtype=\"https:\/\/schema.org\/BreadcrumbList\">\r\n\t\t\t\t\t\t            <li itemprop=\"itemListElement\" itemscope itemtype=\"https:\/\/schema.org\/ListItem\">\r\n                <span itemprop=\"name\">\r\n                    <!-- Home Link -->\r\n                    <a itemprop=\"item\" href=\"https:\/\/choeurenbalade.eu\">\r\n                    \r\n                                                    <i class=\"fa fa-home\" aria-hidden=\"true\"><\/i>Vous \u00eates ici                    <\/a>\r\n                <\/span>\r\n                <meta itemprop=\"position\" content=\"1\" \/><!-- Meta Position-->\r\n             <\/li><li><span class=\"fbc-separator\">\u00bb<\/span><\/li><li class=\"active\" itemprop=\"itemListElement\" itemscope itemtype=\"https:\/\/schema.org\/ListItem\"><span itemprop=\"name\" title=\"2004\">2004<\/span><meta itemprop=\"position\" content=\"2\" \/><\/li>\t\t\t\t\t<\/ol>\r\n\t\t\t\t\t<div class=\"clearfix\"><\/div>\r\n\t\t\t\t<\/div>\r\n\t\t\t<\/div>\r\n\t\t\t\n<p><a href=\"https:\/\/choeurenbalade.eu\/index.php\/concerts\/archives\/avant-2010\/2004-3\/2004-2\/20-mai-2004-nancy\/\"><span style=\"font-size: 18pt;\"><strong>20 mai 2004 Nancy<\/strong><\/span><\/a><\/p>\n<p><a href=\"https:\/\/choeurenbalade.eu\/index.php\/concerts\/archives\/avant-2010\/2004-3\/20-mai-2004-seichamps\/\"><span style=\"font-size: 18pt;\"><strong>20 mai 2004 Seichamps<\/strong><\/span><\/a><\/p>\n<p><a href=\"https:\/\/choeurenbalade.eu\/index.php\/concerts\/archives\/avant-2010\/2004-3\/2004-2\/\"><span style=\"font-size: 18pt;\"><strong>21 mai 2004 Fl\u00e9ville<\/strong><\/span><\/a><\/p>\n<p><a href=\"https:\/\/choeurenbalade.eu\/index.php\/concerts\/archives\/avant-2010\/2004-3\/27-juin-2004-villers-les-nancy\/\"><span style=\"font-size: 18pt;\"><strong>27 juin 2004 Villers-l\u00e8s-Nancy<\/strong><\/span><\/a><\/p>\n<p><a href=\"https:\/\/choeurenbalade.eu\/index.php\/concerts\/archives\/avant-2010\/2004-3\/7-novembre-2004-bouxieres-aux-chenes\/\"><span style=\"font-size: 18pt;\"><strong>7 novembre 2004 Bouxi\u00e8res-aux-ch\u00eanes<\/strong><\/span><\/a><\/p>\n","protected":false},"excerpt":{"rendered":"<p>20 mai 2004 Nancy 20 mai 2004 Seichamps 21 mai 2004 Fl\u00e9ville 27 juin 2004 Villers-l\u00e8s-Nancy 7 novembre 2004 Bouxi\u00e8res-aux-ch\u00eanes<\/p>\n","protected":false},"author":1,"featured_media":0,"parent":1392,"menu_order":0,"comment_status":"closed","ping_status":"closed","template":"","meta":{"footnotes":""},"simple-restrict-permission":[],"class_list":["post-1456","page","type-page","status-publish","hentry"],"_links":{"self":[{"href":"https:\/\/choeurenbalade.eu\/index.php\/wp-json\/wp\/v2\/pages\/1456","targetHints":{"allow":["GET"]}}],"collection":[{"href":"https:\/\/choeurenbalade.eu\/index.php\/wp-json\/wp\/v2\/pages"}],"about":[{"href":"https:\/\/choeurenbalade.eu\/index.php\/wp-json\/wp\/v2\/types\/page"}],"author":[{"embeddable":true,"href":"https:\/\/choeurenbalade.eu\/index.php\/wp-json\/wp\/v2\/users\/1"}],"replies":[{"embeddable":true,"href":"https:\/\/choeurenbalade.eu\/index.php\/wp-json\/wp\/v2\/comments?post=1456"}],"version-history":[{"count":7,"href":"https:\/\/choeurenbalade.eu\/index.php\/wp-json\/wp\/v2\/pages\/1456\/revisions"}],"predecessor-version":[{"id":1483,"href":"https:\/\/choeurenbalade.eu\/index.php\/wp-json\/wp\/v2\/pages\/1456\/revisions\/1483"}],"up":[{"embeddable":true,"href":"https:\/\/choeurenbalade.eu\/index.php\/wp-json\/wp\/v2\/pages\/1392"}],"wp:attachment":[{"href":"https:\/\/choeurenbalade.eu\/index.php\/wp-json\/wp\/v2\/media?parent=1456"}],"wp:term":[{"taxonomy":"simple-restrict-permission","embeddable":true,"href":"https:\/\/choeurenbalade.eu\/index.php\/wp-json\/wp\/v2\/simple-restrict-permission?post=1456"}],"curies":[{"name":"wp","href":"https:\/\/api.w.org\/{rel}","templated":true}]}}