{"id":1425,"date":"2018-08-06T14:33:47","date_gmt":"2018-08-06T12:33:47","guid":{"rendered":"http:\/\/choeurenbalade.eu\/?page_id=1425"},"modified":"2018-08-06T14:39:02","modified_gmt":"2018-08-06T12:39:02","slug":"2006-2","status":"publish","type":"page","link":"https:\/\/choeurenbalade.eu\/index.php\/concerts\/archives\/avant-2010\/2006-2\/","title":{"rendered":"2006"},"content":{"rendered":"\t\t\t<!-- Flexy Breadcrumb -->\r\n\t\t\t<div class=\"fbc fbc-page\">\r\n\r\n\t\t\t\t<!-- Breadcrumb wrapper -->\r\n\t\t\t\t<div class=\"fbc-wrap\">\r\n\r\n\t\t\t\t\t<!-- Ordered list-->\r\n\t\t\t\t\t<ol class=\"fbc-items\" itemscope itemtype=\"https:\/\/schema.org\/BreadcrumbList\">\r\n\t\t\t\t\t\t            <li itemprop=\"itemListElement\" itemscope itemtype=\"https:\/\/schema.org\/ListItem\">\r\n                <span itemprop=\"name\">\r\n                    <!-- Home Link -->\r\n                    <a itemprop=\"item\" href=\"https:\/\/choeurenbalade.eu\">\r\n                    \r\n                                                    <i class=\"fa fa-home\" aria-hidden=\"true\"><\/i>Vous \u00eates ici                    <\/a>\r\n                <\/span>\r\n                <meta itemprop=\"position\" content=\"1\" \/><!-- Meta Position-->\r\n             <\/li><li><span class=\"fbc-separator\">\u00bb<\/span><\/li><li class=\"active\" itemprop=\"itemListElement\" itemscope itemtype=\"https:\/\/schema.org\/ListItem\"><span itemprop=\"name\" title=\"2006\">2006<\/span><meta itemprop=\"position\" content=\"2\" \/><\/li>\t\t\t\t\t<\/ol>\r\n\t\t\t\t\t<div class=\"clearfix\"><\/div>\r\n\t\t\t\t<\/div>\r\n\t\t\t<\/div>\r\n\t\t\t\n<p><a href=\"https:\/\/choeurenbalade.eu\/index.php\/concerts\/archives\/15-mars-2006-jarville\/\"><strong><span style=\"font-size: 18pt;\">15 mars 2006 Jarville<\/span><\/strong><\/a><\/p>\n<p><span style=\"font-size: 18pt;\"><a href=\"https:\/\/choeurenbalade.eu\/index.php\/concerts\/archives\/17-mars-2006-saint-max\/\"><strong>17 mars 2006 Saint-Max<\/strong><\/a><\/span><\/p>\n<p><span style=\"font-size: 18pt;\"><a href=\"https:\/\/choeurenbalade.eu\/index.php\/concerts\/archives\/4-decembre-2006-villers-les-nancy\/\"><strong>4 d\u00e9cembre 2006 Villers-l\u00e8s-Nancy<\/strong><\/a><\/span><\/p>\n<p><a href=\"https:\/\/choeurenbalade.eu\/index.php\/concerts\/archives\/15-decembre-2006-malzeville\/\"><strong><span style=\"font-size: 18pt;\">15 d\u00e9cembre 2006 Malz\u00e9ville<\/span><\/strong><\/a><\/p>\n","protected":false},"excerpt":{"rendered":"<p>15 mars 2006 Jarville 17 mars 2006 Saint-Max 4 d\u00e9cembre 2006 Villers-l\u00e8s-Nancy 15 d\u00e9cembre 2006 Malz\u00e9ville<\/p>\n","protected":false},"author":1,"featured_media":0,"parent":1392,"menu_order":0,"comment_status":"closed","ping_status":"closed","template":"","meta":{"footnotes":""},"simple-restrict-permission":[],"class_list":["post-1425","page","type-page","status-publish","hentry"],"_links":{"self":[{"href":"https:\/\/choeurenbalade.eu\/index.php\/wp-json\/wp\/v2\/pages\/1425","targetHints":{"allow":["GET"]}}],"collection":[{"href":"https:\/\/choeurenbalade.eu\/index.php\/wp-json\/wp\/v2\/pages"}],"about":[{"href":"https:\/\/choeurenbalade.eu\/index.php\/wp-json\/wp\/v2\/types\/page"}],"author":[{"embeddable":true,"href":"https:\/\/choeurenbalade.eu\/index.php\/wp-json\/wp\/v2\/users\/1"}],"replies":[{"embeddable":true,"href":"https:\/\/choeurenbalade.eu\/index.php\/wp-json\/wp\/v2\/comments?post=1425"}],"version-history":[{"count":3,"href":"https:\/\/choeurenbalade.eu\/index.php\/wp-json\/wp\/v2\/pages\/1425\/revisions"}],"predecessor-version":[{"id":1431,"href":"https:\/\/choeurenbalade.eu\/index.php\/wp-json\/wp\/v2\/pages\/1425\/revisions\/1431"}],"up":[{"embeddable":true,"href":"https:\/\/choeurenbalade.eu\/index.php\/wp-json\/wp\/v2\/pages\/1392"}],"wp:attachment":[{"href":"https:\/\/choeurenbalade.eu\/index.php\/wp-json\/wp\/v2\/media?parent=1425"}],"wp:term":[{"taxonomy":"simple-restrict-permission","embeddable":true,"href":"https:\/\/choeurenbalade.eu\/index.php\/wp-json\/wp\/v2\/simple-restrict-permission?post=1425"}],"curies":[{"name":"wp","href":"https:\/\/api.w.org\/{rel}","templated":true}]}}