{"id":1413,"date":"2018-08-06T14:20:58","date_gmt":"2018-08-06T12:20:58","guid":{"rendered":"http:\/\/choeurenbalade.eu\/?page_id=1413"},"modified":"2019-01-07T18:00:37","modified_gmt":"2019-01-07T17:00:37","slug":"2008-2","status":"publish","type":"page","link":"https:\/\/choeurenbalade.eu\/index.php\/concerts\/archives\/avant-2010\/2008-2\/","title":{"rendered":"2008"},"content":{"rendered":"\t\t\t<!-- Flexy Breadcrumb -->\r\n\t\t\t<div class=\"fbc fbc-page\">\r\n\r\n\t\t\t\t<!-- Breadcrumb wrapper -->\r\n\t\t\t\t<div class=\"fbc-wrap\">\r\n\r\n\t\t\t\t\t<!-- Ordered list-->\r\n\t\t\t\t\t<ol class=\"fbc-items\" itemscope itemtype=\"https:\/\/schema.org\/BreadcrumbList\">\r\n\t\t\t\t\t\t            <li itemprop=\"itemListElement\" itemscope itemtype=\"https:\/\/schema.org\/ListItem\">\r\n                <span itemprop=\"name\">\r\n                    <!-- Home Link -->\r\n                    <a itemprop=\"item\" href=\"https:\/\/choeurenbalade.eu\">\r\n                    \r\n                                                    <i class=\"fa fa-home\" aria-hidden=\"true\"><\/i>Vous \u00eates ici                    <\/a>\r\n                <\/span>\r\n                <meta itemprop=\"position\" content=\"1\" \/><!-- Meta Position-->\r\n             <\/li><li><span class=\"fbc-separator\">\u00bb<\/span><\/li><li class=\"active\" itemprop=\"itemListElement\" itemscope itemtype=\"https:\/\/schema.org\/ListItem\"><span itemprop=\"name\" title=\"2008\">2008<\/span><meta itemprop=\"position\" content=\"2\" \/><\/li>\t\t\t\t\t<\/ol>\r\n\t\t\t\t\t<div class=\"clearfix\"><\/div>\r\n\t\t\t\t<\/div>\r\n\t\t\t<\/div>\r\n\t\t\t\n<p><a href=\"https:\/\/choeurenbalade.eu\/index.php\/concerts\/archives\/27-janvier-2008-villers-les-nancy\/\"><strong><span style=\"font-size: 18pt;\">27 janvier 2008 Villers-l\u00e8s-Nancy<\/span><\/strong><\/a><\/p>\n<p><span style=\"font-size: 18pt;\"><a href=\"https:\/\/choeurenbalade.eu\/index.php\/concerts\/archives\/2-avril-2008-houdemont\/\"><strong>2 avril 2008 Houdemont<\/strong><\/a><\/span><\/p>\n<p><span style=\"font-size: 18pt;\"><a href=\"https:\/\/choeurenbalade.eu\/index.php\/concerts\/archives\/15-juin-2008-villers-les-nancy\/\"><strong>15 juin 2008 Villers<\/strong><\/a><\/span><\/p>\n<p><span style=\"font-size: 18pt;\"><a href=\"https:\/\/choeurenbalade.eu\/index.php\/concerts\/archives\/29-novembre-2008-pont-st-vincent\/\"><strong>29 novembre 2008 Pont-Saint-Vincent<\/strong><\/a><\/span><\/p>\n<p><a href=\"https:\/\/choeurenbalade.eu\/index.php\/concerts\/archives\/14-decembre-2008-villers-les-nancy\/\"><strong><span style=\"font-size: 18pt;\">14 d\u00e9cembre 2008 Villers-l\u00e8s-Nancy<\/span><\/strong><\/a><\/p>\n","protected":false},"excerpt":{"rendered":"<p>27 janvier 2008 Villers-l\u00e8s-Nancy 2 avril 2008 Houdemont 15 juin 2008 Villers 29 novembre 2008 Pont-Saint-Vincent 14 d\u00e9cembre 2008 Villers-l\u00e8s-Nancy<\/p>\n","protected":false},"author":1,"featured_media":0,"parent":1392,"menu_order":0,"comment_status":"closed","ping_status":"closed","template":"","meta":{"footnotes":""},"simple-restrict-permission":[],"class_list":["post-1413","page","type-page","status-publish","hentry"],"_links":{"self":[{"href":"https:\/\/choeurenbalade.eu\/index.php\/wp-json\/wp\/v2\/pages\/1413","targetHints":{"allow":["GET"]}}],"collection":[{"href":"https:\/\/choeurenbalade.eu\/index.php\/wp-json\/wp\/v2\/pages"}],"about":[{"href":"https:\/\/choeurenbalade.eu\/index.php\/wp-json\/wp\/v2\/types\/page"}],"author":[{"embeddable":true,"href":"https:\/\/choeurenbalade.eu\/index.php\/wp-json\/wp\/v2\/users\/1"}],"replies":[{"embeddable":true,"href":"https:\/\/choeurenbalade.eu\/index.php\/wp-json\/wp\/v2\/comments?post=1413"}],"version-history":[{"count":4,"href":"https:\/\/choeurenbalade.eu\/index.php\/wp-json\/wp\/v2\/pages\/1413\/revisions"}],"predecessor-version":[{"id":3032,"href":"https:\/\/choeurenbalade.eu\/index.php\/wp-json\/wp\/v2\/pages\/1413\/revisions\/3032"}],"up":[{"embeddable":true,"href":"https:\/\/choeurenbalade.eu\/index.php\/wp-json\/wp\/v2\/pages\/1392"}],"wp:attachment":[{"href":"https:\/\/choeurenbalade.eu\/index.php\/wp-json\/wp\/v2\/media?parent=1413"}],"wp:term":[{"taxonomy":"simple-restrict-permission","embeddable":true,"href":"https:\/\/choeurenbalade.eu\/index.php\/wp-json\/wp\/v2\/simple-restrict-permission?post=1413"}],"curies":[{"name":"wp","href":"https:\/\/api.w.org\/{rel}","templated":true}]}}