{"id":1397,"date":"2018-08-06T13:39:41","date_gmt":"2018-08-06T11:39:41","guid":{"rendered":"http:\/\/choeurenbalade.eu\/?page_id=1397"},"modified":"2018-08-06T14:40:15","modified_gmt":"2018-08-06T12:40:15","slug":"2009-2","status":"publish","type":"page","link":"https:\/\/choeurenbalade.eu\/index.php\/concerts\/archives\/avant-2010\/2009-2\/","title":{"rendered":"2009"},"content":{"rendered":"\t\t\t<!-- Flexy Breadcrumb -->\r\n\t\t\t<div class=\"fbc fbc-page\">\r\n\r\n\t\t\t\t<!-- Breadcrumb wrapper -->\r\n\t\t\t\t<div class=\"fbc-wrap\">\r\n\r\n\t\t\t\t\t<!-- Ordered list-->\r\n\t\t\t\t\t<ol class=\"fbc-items\" itemscope itemtype=\"https:\/\/schema.org\/BreadcrumbList\">\r\n\t\t\t\t\t\t            <li itemprop=\"itemListElement\" itemscope itemtype=\"https:\/\/schema.org\/ListItem\">\r\n                <span itemprop=\"name\">\r\n                    <!-- Home Link -->\r\n                    <a itemprop=\"item\" href=\"https:\/\/choeurenbalade.eu\">\r\n                    \r\n                                                    <i class=\"fa fa-home\" aria-hidden=\"true\"><\/i>Vous \u00eates ici                    <\/a>\r\n                <\/span>\r\n                <meta itemprop=\"position\" content=\"1\" \/><!-- Meta Position-->\r\n             <\/li><li><span class=\"fbc-separator\">\u00bb<\/span><\/li><li class=\"active\" itemprop=\"itemListElement\" itemscope itemtype=\"https:\/\/schema.org\/ListItem\"><span itemprop=\"name\" title=\"2009\">2009<\/span><meta itemprop=\"position\" content=\"2\" \/><\/li>\t\t\t\t\t<\/ol>\r\n\t\t\t\t\t<div class=\"clearfix\"><\/div>\r\n\t\t\t\t<\/div>\r\n\t\t\t<\/div>\r\n\t\t\t\n<p><span style=\"font-size: 18pt;\"><strong><a href=\"https:\/\/choeurenbalade.eu\/index.php\/concerts\/archives\/26-avril-2009-nancy\/\">26 avril 2009 Nancy<\/a><\/strong><\/span><\/p>\n<p><span style=\"font-size: 18pt;\"><strong><a href=\"https:\/\/choeurenbalade.eu\/index.php\/concerts\/archives\/1-mai-2009-maizieres\/\">1 mai 2009 Maizi\u00e8res<\/a><\/strong><\/span><\/p>\n<p><span style=\"font-size: 18pt;\"><strong><a href=\"https:\/\/choeurenbalade.eu\/index.php\/concerts\/archives\/7-juin-2009-villers-les-nancy\/\">7 juin 2009 Villers-l\u00e8s-Nancy<\/a><\/strong><\/span><\/p>\n<p><span style=\"font-size: 18pt;\"><strong><a href=\"https:\/\/choeurenbalade.eu\/index.php\/concerts\/archives\/29-novembre-villers-les-nancy\/\">29 novembre 2009 Villers-l\u00e8s-Nancy<\/a><\/strong><\/span><\/p>\n<p><span style=\"font-size: 18pt;\"><strong><a href=\"https:\/\/choeurenbalade.eu\/index.php\/concerts\/archives\/12-decembre-2009-nancy\/\">12 d\u00e9cembre 2009 Nancy<\/a><\/strong><\/span><\/p>\n<p><span style=\"font-size: 18pt;\"><strong><a href=\"https:\/\/choeurenbalade.eu\/index.php\/concerts\/archives\/13-decembre-2009-jarville\/\">13 d\u00e9cembre 2009 Jarville<\/a><\/strong><\/span><\/p>\n","protected":false},"excerpt":{"rendered":"<p>26 avril 2009 Nancy 1 mai 2009 Maizi\u00e8res 7 juin 2009 Villers-l\u00e8s-Nancy 29 novembre 2009 Villers-l\u00e8s-Nancy 12 d\u00e9cembre 2009 Nancy&hellip;<\/p>\n","protected":false},"author":1,"featured_media":0,"parent":1392,"menu_order":0,"comment_status":"closed","ping_status":"closed","template":"","meta":{"footnotes":""},"simple-restrict-permission":[],"class_list":["post-1397","page","type-page","status-publish","hentry"],"_links":{"self":[{"href":"https:\/\/choeurenbalade.eu\/index.php\/wp-json\/wp\/v2\/pages\/1397","targetHints":{"allow":["GET"]}}],"collection":[{"href":"https:\/\/choeurenbalade.eu\/index.php\/wp-json\/wp\/v2\/pages"}],"about":[{"href":"https:\/\/choeurenbalade.eu\/index.php\/wp-json\/wp\/v2\/types\/page"}],"author":[{"embeddable":true,"href":"https:\/\/choeurenbalade.eu\/index.php\/wp-json\/wp\/v2\/users\/1"}],"replies":[{"embeddable":true,"href":"https:\/\/choeurenbalade.eu\/index.php\/wp-json\/wp\/v2\/comments?post=1397"}],"version-history":[{"count":3,"href":"https:\/\/choeurenbalade.eu\/index.php\/wp-json\/wp\/v2\/pages\/1397\/revisions"}],"predecessor-version":[{"id":1401,"href":"https:\/\/choeurenbalade.eu\/index.php\/wp-json\/wp\/v2\/pages\/1397\/revisions\/1401"}],"up":[{"embeddable":true,"href":"https:\/\/choeurenbalade.eu\/index.php\/wp-json\/wp\/v2\/pages\/1392"}],"wp:attachment":[{"href":"https:\/\/choeurenbalade.eu\/index.php\/wp-json\/wp\/v2\/media?parent=1397"}],"wp:term":[{"taxonomy":"simple-restrict-permission","embeddable":true,"href":"https:\/\/choeurenbalade.eu\/index.php\/wp-json\/wp\/v2\/simple-restrict-permission?post=1397"}],"curies":[{"name":"wp","href":"https:\/\/api.w.org\/{rel}","templated":true}]}}