{"id":1334,"date":"2018-08-06T10:09:46","date_gmt":"2018-08-06T08:09:46","guid":{"rendered":"http:\/\/choeurenbalade.eu\/?page_id=1334"},"modified":"2018-08-06T13:18:17","modified_gmt":"2018-08-06T11:18:17","slug":"2011-2","status":"publish","type":"page","link":"https:\/\/choeurenbalade.eu\/index.php\/concerts\/archives\/2011-2\/","title":{"rendered":"2011"},"content":{"rendered":"\t\t\t<!-- Flexy Breadcrumb -->\r\n\t\t\t<div class=\"fbc fbc-page\">\r\n\r\n\t\t\t\t<!-- Breadcrumb wrapper -->\r\n\t\t\t\t<div class=\"fbc-wrap\">\r\n\r\n\t\t\t\t\t<!-- Ordered list-->\r\n\t\t\t\t\t<ol class=\"fbc-items\" itemscope itemtype=\"https:\/\/schema.org\/BreadcrumbList\">\r\n\t\t\t\t\t\t            <li itemprop=\"itemListElement\" itemscope itemtype=\"https:\/\/schema.org\/ListItem\">\r\n                <span itemprop=\"name\">\r\n                    <!-- Home Link -->\r\n                    <a itemprop=\"item\" href=\"https:\/\/choeurenbalade.eu\">\r\n                    \r\n                                                    <i class=\"fa fa-home\" aria-hidden=\"true\"><\/i>Vous \u00eates ici                    <\/a>\r\n                <\/span>\r\n                <meta itemprop=\"position\" content=\"1\" \/><!-- Meta Position-->\r\n             <\/li><li><span class=\"fbc-separator\">\u00bb<\/span><\/li><li class=\"active\" itemprop=\"itemListElement\" itemscope itemtype=\"https:\/\/schema.org\/ListItem\"><span itemprop=\"name\" title=\"2011\">2011<\/span><meta itemprop=\"position\" content=\"2\" \/><\/li>\t\t\t\t\t<\/ol>\r\n\t\t\t\t\t<div class=\"clearfix\"><\/div>\r\n\t\t\t\t<\/div>\r\n\t\t\t<\/div>\r\n\t\t\t\n<p><span style=\"font-size: 18pt;\"><a href=\"https:\/\/choeurenbalade.eu\/index.php\/concerts\/archives\/19-juin-2011-nancy\/\"><strong>19 juin 2011 Nancy<\/strong><\/a><\/span><\/p>\n<p><span style=\"font-size: 18pt;\"><a href=\"https:\/\/choeurenbalade.eu\/index.php\/concerts\/archives\/22-juin-2011-villers-les-nancy\/\"><strong>22 juin 2011 Villers-l\u00e8s-Nancy<\/strong><\/a><\/span><\/p>\n<p><span style=\"font-size: 18pt;\"><a href=\"https:\/\/choeurenbalade.eu\/index.php\/concerts\/archives\/15-octobre-2011-la-petite-pierre\/\"><strong>15 octobre 2011 La petite pierre<\/strong><\/a><\/span><\/p>\n<p><span style=\"font-size: 18pt;\"><a href=\"https:\/\/choeurenbalade.eu\/index.php\/concerts\/archives\/17-decembre-2011-maizieres\/\"><strong>17 d\u00e9cembre 2011 Maizi\u00e8res<\/strong><\/a><\/span><\/p>\n","protected":false},"excerpt":{"rendered":"<p>19 juin 2011 Nancy 22 juin 2011 Villers-l\u00e8s-Nancy 15 octobre 2011 La petite pierre 17 d\u00e9cembre 2011 Maizi\u00e8res<\/p>\n","protected":false},"author":1,"featured_media":0,"parent":241,"menu_order":0,"comment_status":"closed","ping_status":"closed","template":"","meta":{"footnotes":""},"simple-restrict-permission":[],"class_list":["post-1334","page","type-page","status-publish","hentry"],"_links":{"self":[{"href":"https:\/\/choeurenbalade.eu\/index.php\/wp-json\/wp\/v2\/pages\/1334","targetHints":{"allow":["GET"]}}],"collection":[{"href":"https:\/\/choeurenbalade.eu\/index.php\/wp-json\/wp\/v2\/pages"}],"about":[{"href":"https:\/\/choeurenbalade.eu\/index.php\/wp-json\/wp\/v2\/types\/page"}],"author":[{"embeddable":true,"href":"https:\/\/choeurenbalade.eu\/index.php\/wp-json\/wp\/v2\/users\/1"}],"replies":[{"embeddable":true,"href":"https:\/\/choeurenbalade.eu\/index.php\/wp-json\/wp\/v2\/comments?post=1334"}],"version-history":[{"count":3,"href":"https:\/\/choeurenbalade.eu\/index.php\/wp-json\/wp\/v2\/pages\/1334\/revisions"}],"predecessor-version":[{"id":1389,"href":"https:\/\/choeurenbalade.eu\/index.php\/wp-json\/wp\/v2\/pages\/1334\/revisions\/1389"}],"up":[{"embeddable":true,"href":"https:\/\/choeurenbalade.eu\/index.php\/wp-json\/wp\/v2\/pages\/241"}],"wp:attachment":[{"href":"https:\/\/choeurenbalade.eu\/index.php\/wp-json\/wp\/v2\/media?parent=1334"}],"wp:term":[{"taxonomy":"simple-restrict-permission","embeddable":true,"href":"https:\/\/choeurenbalade.eu\/index.php\/wp-json\/wp\/v2\/simple-restrict-permission?post=1334"}],"curies":[{"name":"wp","href":"https:\/\/api.w.org\/{rel}","templated":true}]}}