{"id":1068,"date":"2018-08-04T09:05:49","date_gmt":"2018-08-04T07:05:49","guid":{"rendered":"http:\/\/choeurenbalade.eu\/?page_id=1068"},"modified":"2018-10-05T18:10:14","modified_gmt":"2018-10-05T16:10:14","slug":"19-juin-2011-nancy","status":"publish","type":"page","link":"https:\/\/choeurenbalade.eu\/index.php\/concerts\/archives\/2011-2\/19-juin-2011-nancy\/","title":{"rendered":"19 juin 2011 Nancy"},"content":{"rendered":"\t\t\t<!-- Flexy Breadcrumb -->\r\n\t\t\t<div class=\"fbc fbc-page\">\r\n\r\n\t\t\t\t<!-- Breadcrumb wrapper -->\r\n\t\t\t\t<div class=\"fbc-wrap\">\r\n\r\n\t\t\t\t\t<!-- Ordered list-->\r\n\t\t\t\t\t<ol class=\"fbc-items\" itemscope itemtype=\"https:\/\/schema.org\/BreadcrumbList\">\r\n\t\t\t\t\t\t            <li itemprop=\"itemListElement\" itemscope itemtype=\"https:\/\/schema.org\/ListItem\">\r\n                <span itemprop=\"name\">\r\n                    <!-- Home Link -->\r\n                    <a itemprop=\"item\" href=\"https:\/\/choeurenbalade.eu\">\r\n                    \r\n                                                    <i class=\"fa fa-home\" aria-hidden=\"true\"><\/i>Vous \u00eates ici                    <\/a>\r\n                <\/span>\r\n                <meta itemprop=\"position\" content=\"1\" \/><!-- Meta Position-->\r\n             <\/li><li><span class=\"fbc-separator\">\u00bb<\/span><\/li><li class=\"active\" itemprop=\"itemListElement\" itemscope itemtype=\"https:\/\/schema.org\/ListItem\"><span itemprop=\"name\" title=\"19 juin 2011 Nancy\">19 juin 2011 Nancy<\/span><meta itemprop=\"position\" content=\"2\" \/><\/li>\t\t\t\t\t<\/ol>\r\n\t\t\t\t\t<div class=\"clearfix\"><\/div>\r\n\t\t\t\t<\/div>\r\n\t\t\t<\/div>\r\n\t\t\t\n<p><span style=\"font-size: 18pt;\"><strong>Dans le cadre des Salons chantants de Nancy Ch\u0153urs \u00e0 Ch\u0153urs.<\/strong><\/span><\/p>\n<p><span style=\"font-size: 18pt;\"><strong><a href=\"https:\/\/choeurenbalade.eu\/wp-content\/uploads\/2018\/08\/2011-6-19-Nancy.jpg\" target=\"_blank\" rel=\"noopener\"><img loading=\"lazy\" decoding=\"async\" class=\"alignnone wp-image-1071\" src=\"https:\/\/choeurenbalade.eu\/wp-content\/uploads\/2018\/08\/2011-6-19-Nancy-189x300.jpg\" alt=\"\" width=\"189\" height=\"300\" srcset=\"https:\/\/choeurenbalade.eu\/wp-content\/uploads\/2018\/08\/2011-6-19-Nancy-189x300.jpg 189w, https:\/\/choeurenbalade.eu\/wp-content\/uploads\/2018\/08\/2011-6-19-Nancy-768x1221.jpg 768w, https:\/\/choeurenbalade.eu\/wp-content\/uploads\/2018\/08\/2011-6-19-Nancy-644x1024.jpg 644w, https:\/\/choeurenbalade.eu\/wp-content\/uploads\/2018\/08\/2011-6-19-Nancy.jpg 981w\" sizes=\"auto, (max-width: 189px) 100vw, 189px\" \/><\/a><\/strong><\/span><a href=\"https:\/\/choeurenbalade.eu\/wp-content\/uploads\/2018\/08\/P1000384.jpg\" target=\"_blank\" rel=\"noopener\"><img loading=\"lazy\" decoding=\"async\" class=\"alignnone wp-image-1073\" src=\"https:\/\/choeurenbalade.eu\/wp-content\/uploads\/2018\/08\/P1000384-300x225.jpg\" alt=\"\" width=\"373\" height=\"280\" srcset=\"https:\/\/choeurenbalade.eu\/wp-content\/uploads\/2018\/08\/P1000384-300x225.jpg 300w, https:\/\/choeurenbalade.eu\/wp-content\/uploads\/2018\/08\/P1000384-160x120.jpg 160w, https:\/\/choeurenbalade.eu\/wp-content\/uploads\/2018\/08\/P1000384.jpg 640w\" sizes=\"auto, (max-width: 373px) 100vw, 373px\" \/><\/a><a href=\"https:\/\/choeurenbalade.eu\/wp-content\/uploads\/2018\/08\/P1000381.jpg\" target=\"_blank\" rel=\"noopener\"><img loading=\"lazy\" decoding=\"async\" class=\"alignnone wp-image-1074\" src=\"https:\/\/choeurenbalade.eu\/wp-content\/uploads\/2018\/08\/P1000381-300x225.jpg\" alt=\"\" width=\"373\" height=\"280\" srcset=\"https:\/\/choeurenbalade.eu\/wp-content\/uploads\/2018\/08\/P1000381-300x225.jpg 300w, https:\/\/choeurenbalade.eu\/wp-content\/uploads\/2018\/08\/P1000381-160x120.jpg 160w, https:\/\/choeurenbalade.eu\/wp-content\/uploads\/2018\/08\/P1000381.jpg 640w\" sizes=\"auto, (max-width: 373px) 100vw, 373px\" \/><\/a><\/p>\n","protected":false},"excerpt":{"rendered":"<p>Dans le cadre des Salons chantants de Nancy Ch\u0153urs \u00e0 Ch\u0153urs.<\/p>\n","protected":false},"author":1,"featured_media":0,"parent":1334,"menu_order":0,"comment_status":"closed","ping_status":"closed","template":"","meta":{"footnotes":""},"simple-restrict-permission":[],"class_list":["post-1068","page","type-page","status-publish","hentry"],"_links":{"self":[{"href":"https:\/\/choeurenbalade.eu\/index.php\/wp-json\/wp\/v2\/pages\/1068","targetHints":{"allow":["GET"]}}],"collection":[{"href":"https:\/\/choeurenbalade.eu\/index.php\/wp-json\/wp\/v2\/pages"}],"about":[{"href":"https:\/\/choeurenbalade.eu\/index.php\/wp-json\/wp\/v2\/types\/page"}],"author":[{"embeddable":true,"href":"https:\/\/choeurenbalade.eu\/index.php\/wp-json\/wp\/v2\/users\/1"}],"replies":[{"embeddable":true,"href":"https:\/\/choeurenbalade.eu\/index.php\/wp-json\/wp\/v2\/comments?post=1068"}],"version-history":[{"count":10,"href":"https:\/\/choeurenbalade.eu\/index.php\/wp-json\/wp\/v2\/pages\/1068\/revisions"}],"predecessor-version":[{"id":2147,"href":"https:\/\/choeurenbalade.eu\/index.php\/wp-json\/wp\/v2\/pages\/1068\/revisions\/2147"}],"up":[{"embeddable":true,"href":"https:\/\/choeurenbalade.eu\/index.php\/wp-json\/wp\/v2\/pages\/1334"}],"wp:attachment":[{"href":"https:\/\/choeurenbalade.eu\/index.php\/wp-json\/wp\/v2\/media?parent=1068"}],"wp:term":[{"taxonomy":"simple-restrict-permission","embeddable":true,"href":"https:\/\/choeurenbalade.eu\/index.php\/wp-json\/wp\/v2\/simple-restrict-permission?post=1068"}],"curies":[{"name":"wp","href":"https:\/\/api.w.org\/{rel}","templated":true}]}}